{"id":4,"date":"2016-08-05T13:43:51","date_gmt":"2016-08-05T13:43:51","guid":{"rendered":"http:\/\/schwarzwald-pharmaceuticals.de\/?page_id=4"},"modified":"2016-08-17T18:53:52","modified_gmt":"2016-08-17T18:53:52","slug":"diabetes","status":"publish","type":"page","link":"https:\/\/schwarzwald-pharmaceuticals.de\/?page_id=4","title":{"rendered":"DIABETES"},"content":{"rendered":"<p>ACCU CHEK Aviva Teststreifen Plasma II<\/p>\n<p><img loading=\"lazy\" decoding=\"async\" class=\"alignnone size-full wp-image-75\" src=\"http:\/\/schwarzwald-pharmaceuticals.de\/wp-content\/uploads\/2016\/08\/FS-ACCUCHEK-AvivaTeststreifen-Plasma.jpg\" alt=\"FS ACCUCHEK AvivaTeststreifen Plasma\" width=\"300\" height=\"300\" srcset=\"https:\/\/schwarzwald-pharmaceuticals.de\/wp-content\/uploads\/2016\/08\/FS-ACCUCHEK-AvivaTeststreifen-Plasma.jpg 300w, https:\/\/schwarzwald-pharmaceuticals.de\/wp-content\/uploads\/2016\/08\/FS-ACCUCHEK-AvivaTeststreifen-Plasma-150x150.jpg 150w, https:\/\/schwarzwald-pharmaceuticals.de\/wp-content\/uploads\/2016\/08\/FS-ACCUCHEK-AvivaTeststreifen-Plasma-180x180.jpg 180w\" sizes=\"auto, (max-width: 300px) 100vw, 300px\" \/><\/p>\n<ul>\n<li>Zur quantitativen Blutzuckerbestimmung<\/li>\n<li>Hohe Zuverl\u00e4ssigkeit der Testergebnisse<\/li>\n<li>Leicht zu bedienen<\/li>\n<\/ul>\n<p>&nbsp;<\/p>\n<p>Abbildung \u00e4hnlich, sie kann bei mehr als einer Packungsgr\u00f6\u00dfe abweichen.<\/p>\n<p>&nbsp;<\/p>\n<p>Packungsgr\u00f6\u00dfe:\u00a0 1 X 50 St<\/p>\n<p>Darreichungsform: Teststreifen<\/p>\n<p>Verordnungsart: ohne Rezept<\/p>\n<p>PZN: 06114963<\/p>\n<p>Anbieter: Roche Diabetes Care Deutschland GmbH<\/p>\n<p>&nbsp;<\/p>\n<p>Zu Risiken und Nebenwirkungen lesen Sie die Packungsbeilage (bei Heilwassern das Etikett) und fragen Sie Ihren Arzt oder Apotheker. Bei Tierarznei lesen Sie die Packungsbeilage und fragen Sie den Tierarzt oder Apotheker.<\/p>\n<h2>Teststreifen zur quantitativen Blutzuckerbestimmung mit Accu-Chek Aviva<\/h2>\n<p>Accu-Check Aviva Teststreifen f\u00fcr das Accu-Check Blutzuckermesssystem Aviva erm\u00f6glichen die komfortable Blutzuckermessung in nur 5 Sekunden. F\u00fcr eine leichte Handhabung und schnellen Blutauftrag sind die Teststreifen extra gro\u00df \u2013 ideal f\u00fcr \u00e4ltere Diabetiker. Accu-Check Aviva Teststreifen sind plasmakalibriert und ben\u00f6tigen nur eine geringe Blutmenge (0,6 \u00b5l).<\/p>\n<h2>Wirkstoffe<\/h2>\n<p>Glucose-Testzone<\/p>\n<p>&nbsp;<\/p>\n<p>&nbsp;<\/p>\n<p>&nbsp;<\/p>\n","protected":false},"excerpt":{"rendered":"<p>ACCU CHEK Aviva Teststreifen Plasma II Zur quantitativen Blutzuckerbestimmung Hohe Zuverl\u00e4ssigkeit der Testergebnisse Leicht zu bedienen &nbsp; Abbildung \u00e4hnlich, sie kann bei mehr als einer Packungsgr\u00f6\u00dfe abweichen. &nbsp; Packungsgr\u00f6\u00dfe:\u00a0 1 X 50 St Darreichungsform: Teststreifen Verordnungsart: ohne Rezept PZN: 06114963 Anbieter: Roche Diabetes Care Deutschland GmbH &nbsp; Zu Risiken und Nebenwirkungen lesen Sie die Packungsbeilage [&hellip;]<\/p>\n","protected":false},"author":1,"featured_media":0,"parent":0,"menu_order":0,"comment_status":"closed","ping_status":"open","template":"","meta":{"footnotes":""},"class_list":["post-4","page","type-page","status-publish","hentry"],"yoast_head":"<!-- This site is optimized with the Yoast SEO plugin v27.4 - https:\/\/yoast.com\/product\/yoast-seo-wordpress\/ -->\n<title>DIABETES - SCHWARZWALD PHARMACEUTICALS<\/title>\n<meta name=\"description\" content=\"ACCU CHEK Aviva Teststreifen Plasma II Zur quantitativen Blutzuckerbestimmung Hohe Zuverl\u00e4ssigkeit der Testergebnisse Leicht zu bedienen &nbsp; Abbildung \u00e4hnlich, sie kann bei mehr als einer Packungsgr\u00f6\u00dfe abweichen. &nbsp; Packungsgr\u00f6\u00dfe:\u00a0 1 X 50 St Darreichungsform: Teststreifen Verordnungsart: ohne Rezept PZN: 06114963 Anbieter: Roche Diabetes Care Deutschland GmbH &nbsp; Zu Risiken und Nebenwirkungen lesen Sie die Packungsbeilage [&hellip;]\" \/>\n<meta name=\"robots\" content=\"index, follow, max-snippet:-1, max-image-preview:large, max-video-preview:-1\" \/>\n<link rel=\"canonical\" href=\"https:\/\/schwarzwald-pharmaceuticals.de\/?page_id=4\" \/>\n<meta property=\"og:locale\" content=\"de_DE\" \/>\n<meta property=\"og:type\" content=\"article\" \/>\n<meta property=\"og:title\" content=\"DIABETES - SCHWARZWALD PHARMACEUTICALS\" \/>\n<meta property=\"og:description\" content=\"ACCU CHEK Aviva Teststreifen Plasma II Zur quantitativen Blutzuckerbestimmung Hohe Zuverl\u00e4ssigkeit der Testergebnisse Leicht zu bedienen &nbsp; Abbildung \u00e4hnlich, sie kann bei mehr als einer Packungsgr\u00f6\u00dfe abweichen. &nbsp; Packungsgr\u00f6\u00dfe:\u00a0 1 X 50 St Darreichungsform: Teststreifen Verordnungsart: ohne Rezept PZN: 06114963 Anbieter: Roche Diabetes Care Deutschland GmbH &nbsp; Zu Risiken und Nebenwirkungen lesen Sie die Packungsbeilage [&hellip;]\" \/>\n<meta property=\"og:url\" content=\"https:\/\/schwarzwald-pharmaceuticals.de\/?page_id=4\" \/>\n<meta property=\"og:site_name\" content=\"SCHWARZWALD PHARMACEUTICALS\" \/>\n<meta property=\"article:modified_time\" content=\"2016-08-17T18:53:52+00:00\" \/>\n<meta property=\"og:image\" content=\"http:\/\/schwarzwald-pharmaceuticals.de\/wp-content\/uploads\/2016\/08\/FS-ACCUCHEK-AvivaTeststreifen-Plasma.jpg\" \/>\n<meta name=\"twitter:card\" content=\"summary_large_image\" \/>\n<meta name=\"twitter:label1\" content=\"Gesch\u00e4tzte Lesezeit\" \/>\n\t<meta name=\"twitter:data1\" content=\"1\u00a0Minute\" \/>\n<script type=\"application\/ld+json\" class=\"yoast-schema-graph\">{\"@context\":\"https:\\\/\\\/schema.org\",\"@graph\":[{\"@type\":\"WebPage\",\"@id\":\"https:\\\/\\\/schwarzwald-pharmaceuticals.de\\\/?page_id=4\",\"url\":\"https:\\\/\\\/schwarzwald-pharmaceuticals.de\\\/?page_id=4\",\"name\":\"DIABETES - SCHWARZWALD PHARMACEUTICALS\",\"isPartOf\":{\"@id\":\"https:\\\/\\\/schwarzwald-pharmaceuticals.de\\\/#website\"},\"primaryImageOfPage\":{\"@id\":\"https:\\\/\\\/schwarzwald-pharmaceuticals.de\\\/?page_id=4#primaryimage\"},\"image\":{\"@id\":\"https:\\\/\\\/schwarzwald-pharmaceuticals.de\\\/?page_id=4#primaryimage\"},\"thumbnailUrl\":\"http:\\\/\\\/schwarzwald-pharmaceuticals.de\\\/wp-content\\\/uploads\\\/2016\\\/08\\\/FS-ACCUCHEK-AvivaTeststreifen-Plasma.jpg\",\"datePublished\":\"2016-08-05T13:43:51+00:00\",\"dateModified\":\"2016-08-17T18:53:52+00:00\",\"breadcrumb\":{\"@id\":\"https:\\\/\\\/schwarzwald-pharmaceuticals.de\\\/?page_id=4#breadcrumb\"},\"inLanguage\":\"de\",\"potentialAction\":[{\"@type\":\"ReadAction\",\"target\":[\"https:\\\/\\\/schwarzwald-pharmaceuticals.de\\\/?page_id=4\"]}]},{\"@type\":\"ImageObject\",\"inLanguage\":\"de\",\"@id\":\"https:\\\/\\\/schwarzwald-pharmaceuticals.de\\\/?page_id=4#primaryimage\",\"url\":\"https:\\\/\\\/schwarzwald-pharmaceuticals.de\\\/wp-content\\\/uploads\\\/2016\\\/08\\\/FS-ACCUCHEK-AvivaTeststreifen-Plasma.jpg\",\"contentUrl\":\"https:\\\/\\\/schwarzwald-pharmaceuticals.de\\\/wp-content\\\/uploads\\\/2016\\\/08\\\/FS-ACCUCHEK-AvivaTeststreifen-Plasma.jpg\",\"width\":300,\"height\":300},{\"@type\":\"BreadcrumbList\",\"@id\":\"https:\\\/\\\/schwarzwald-pharmaceuticals.de\\\/?page_id=4#breadcrumb\",\"itemListElement\":[{\"@type\":\"ListItem\",\"position\":1,\"name\":\"Start\",\"item\":\"https:\\\/\\\/schwarzwald-pharmaceuticals.de\\\/\"},{\"@type\":\"ListItem\",\"position\":2,\"name\":\"DIABETES\"}]},{\"@type\":\"WebSite\",\"@id\":\"https:\\\/\\\/schwarzwald-pharmaceuticals.de\\\/#website\",\"url\":\"https:\\\/\\\/schwarzwald-pharmaceuticals.de\\\/\",\"name\":\"SCHWARZWALD PHARMACEUTICALS\",\"description\":\"\",\"potentialAction\":[{\"@type\":\"SearchAction\",\"target\":{\"@type\":\"EntryPoint\",\"urlTemplate\":\"https:\\\/\\\/schwarzwald-pharmaceuticals.de\\\/?s={search_term_string}\"},\"query-input\":{\"@type\":\"PropertyValueSpecification\",\"valueRequired\":true,\"valueName\":\"search_term_string\"}}],\"inLanguage\":\"de\"}]}<\/script>\n<!-- \/ Yoast SEO plugin. -->","yoast_head_json":{"title":"DIABETES - SCHWARZWALD PHARMACEUTICALS","description":"ACCU CHEK Aviva Teststreifen Plasma II Zur quantitativen Blutzuckerbestimmung Hohe Zuverl\u00e4ssigkeit der Testergebnisse Leicht zu bedienen &nbsp; Abbildung \u00e4hnlich, sie kann bei mehr als einer Packungsgr\u00f6\u00dfe abweichen. &nbsp; Packungsgr\u00f6\u00dfe:\u00a0 1 X 50 St Darreichungsform: Teststreifen Verordnungsart: ohne Rezept PZN: 06114963 Anbieter: Roche Diabetes Care Deutschland GmbH &nbsp; Zu Risiken und Nebenwirkungen lesen Sie die Packungsbeilage [&hellip;]","robots":{"index":"index","follow":"follow","max-snippet":"max-snippet:-1","max-image-preview":"max-image-preview:large","max-video-preview":"max-video-preview:-1"},"canonical":"https:\/\/schwarzwald-pharmaceuticals.de\/?page_id=4","og_locale":"de_DE","og_type":"article","og_title":"DIABETES - SCHWARZWALD PHARMACEUTICALS","og_description":"ACCU CHEK Aviva Teststreifen Plasma II Zur quantitativen Blutzuckerbestimmung Hohe Zuverl\u00e4ssigkeit der Testergebnisse Leicht zu bedienen &nbsp; Abbildung \u00e4hnlich, sie kann bei mehr als einer Packungsgr\u00f6\u00dfe abweichen. &nbsp; Packungsgr\u00f6\u00dfe:\u00a0 1 X 50 St Darreichungsform: Teststreifen Verordnungsart: ohne Rezept PZN: 06114963 Anbieter: Roche Diabetes Care Deutschland GmbH &nbsp; Zu Risiken und Nebenwirkungen lesen Sie die Packungsbeilage [&hellip;]","og_url":"https:\/\/schwarzwald-pharmaceuticals.de\/?page_id=4","og_site_name":"SCHWARZWALD PHARMACEUTICALS","article_modified_time":"2016-08-17T18:53:52+00:00","og_image":[{"url":"http:\/\/schwarzwald-pharmaceuticals.de\/wp-content\/uploads\/2016\/08\/FS-ACCUCHEK-AvivaTeststreifen-Plasma.jpg","type":"","width":"","height":""}],"twitter_card":"summary_large_image","twitter_misc":{"Gesch\u00e4tzte Lesezeit":"1\u00a0Minute"},"schema":{"@context":"https:\/\/schema.org","@graph":[{"@type":"WebPage","@id":"https:\/\/schwarzwald-pharmaceuticals.de\/?page_id=4","url":"https:\/\/schwarzwald-pharmaceuticals.de\/?page_id=4","name":"DIABETES - SCHWARZWALD PHARMACEUTICALS","isPartOf":{"@id":"https:\/\/schwarzwald-pharmaceuticals.de\/#website"},"primaryImageOfPage":{"@id":"https:\/\/schwarzwald-pharmaceuticals.de\/?page_id=4#primaryimage"},"image":{"@id":"https:\/\/schwarzwald-pharmaceuticals.de\/?page_id=4#primaryimage"},"thumbnailUrl":"http:\/\/schwarzwald-pharmaceuticals.de\/wp-content\/uploads\/2016\/08\/FS-ACCUCHEK-AvivaTeststreifen-Plasma.jpg","datePublished":"2016-08-05T13:43:51+00:00","dateModified":"2016-08-17T18:53:52+00:00","breadcrumb":{"@id":"https:\/\/schwarzwald-pharmaceuticals.de\/?page_id=4#breadcrumb"},"inLanguage":"de","potentialAction":[{"@type":"ReadAction","target":["https:\/\/schwarzwald-pharmaceuticals.de\/?page_id=4"]}]},{"@type":"ImageObject","inLanguage":"de","@id":"https:\/\/schwarzwald-pharmaceuticals.de\/?page_id=4#primaryimage","url":"https:\/\/schwarzwald-pharmaceuticals.de\/wp-content\/uploads\/2016\/08\/FS-ACCUCHEK-AvivaTeststreifen-Plasma.jpg","contentUrl":"https:\/\/schwarzwald-pharmaceuticals.de\/wp-content\/uploads\/2016\/08\/FS-ACCUCHEK-AvivaTeststreifen-Plasma.jpg","width":300,"height":300},{"@type":"BreadcrumbList","@id":"https:\/\/schwarzwald-pharmaceuticals.de\/?page_id=4#breadcrumb","itemListElement":[{"@type":"ListItem","position":1,"name":"Start","item":"https:\/\/schwarzwald-pharmaceuticals.de\/"},{"@type":"ListItem","position":2,"name":"DIABETES"}]},{"@type":"WebSite","@id":"https:\/\/schwarzwald-pharmaceuticals.de\/#website","url":"https:\/\/schwarzwald-pharmaceuticals.de\/","name":"SCHWARZWALD PHARMACEUTICALS","description":"","potentialAction":[{"@type":"SearchAction","target":{"@type":"EntryPoint","urlTemplate":"https:\/\/schwarzwald-pharmaceuticals.de\/?s={search_term_string}"},"query-input":{"@type":"PropertyValueSpecification","valueRequired":true,"valueName":"search_term_string"}}],"inLanguage":"de"}]}},"_links":{"self":[{"href":"https:\/\/schwarzwald-pharmaceuticals.de\/index.php?rest_route=\/wp\/v2\/pages\/4","targetHints":{"allow":["GET"]}}],"collection":[{"href":"https:\/\/schwarzwald-pharmaceuticals.de\/index.php?rest_route=\/wp\/v2\/pages"}],"about":[{"href":"https:\/\/schwarzwald-pharmaceuticals.de\/index.php?rest_route=\/wp\/v2\/types\/page"}],"author":[{"embeddable":true,"href":"https:\/\/schwarzwald-pharmaceuticals.de\/index.php?rest_route=\/wp\/v2\/users\/1"}],"replies":[{"embeddable":true,"href":"https:\/\/schwarzwald-pharmaceuticals.de\/index.php?rest_route=%2Fwp%2Fv2%2Fcomments&post=4"}],"version-history":[{"count":4,"href":"https:\/\/schwarzwald-pharmaceuticals.de\/index.php?rest_route=\/wp\/v2\/pages\/4\/revisions"}],"predecessor-version":[{"id":78,"href":"https:\/\/schwarzwald-pharmaceuticals.de\/index.php?rest_route=\/wp\/v2\/pages\/4\/revisions\/78"}],"wp:attachment":[{"href":"https:\/\/schwarzwald-pharmaceuticals.de\/index.php?rest_route=%2Fwp%2Fv2%2Fmedia&parent=4"}],"curies":[{"name":"wp","href":"https:\/\/api.w.org\/{rel}","templated":true}]}}