{"id":6,"date":"2016-08-05T13:44:06","date_gmt":"2016-08-05T13:44:06","guid":{"rendered":"http:\/\/schwarzwald-pharmaceuticals.de\/?page_id=6"},"modified":"2016-08-17T19:08:45","modified_gmt":"2016-08-17T19:08:45","slug":"herz-kreislauf","status":"publish","type":"page","link":"https:\/\/schwarzwald-pharmaceuticals.de\/?page_id=6","title":{"rendered":"HERZ\/ KREISLAUF"},"content":{"rendered":"<div class=\"column size-10-5 size-2-2 product-headline\">\n<h2><\/h2>\n<h2>Omega-3 Seefisch\u00f6l 1000 Kapseln, 80 St<\/h2>\n<p>&nbsp;<\/p>\n<\/div>\n<p><img loading=\"lazy\" decoding=\"async\" class=\"alignnone size-medium wp-image-81\" src=\"http:\/\/schwarzwald-pharmaceuticals.de\/wp-content\/uploads\/2016\/08\/FS-Omega-3-195x300.png\" alt=\"FS Omega 3\" width=\"195\" height=\"300\" srcset=\"https:\/\/schwarzwald-pharmaceuticals.de\/wp-content\/uploads\/2016\/08\/FS-Omega-3-195x300.png 195w, https:\/\/schwarzwald-pharmaceuticals.de\/wp-content\/uploads\/2016\/08\/FS-Omega-3.png 280w\" sizes=\"auto, (max-width: 195px) 100vw, 195px\" \/><\/p>\n<h2 class=\"product-headline-sub\"><\/h2>\n<h2 class=\"product-headline-sub\">Doppelherz Nahrungserg\u00e4nzungsmittel<\/h2>\n<p>f\u00fcr eine herzgesunde Ern\u00e4hrung, hoher Gehalt an Omega-3-Fetts\u00e4uren, EPA + DHA f\u00fcr die Herzfunktion, lactose- &amp; glutenfrei<br \/>\nNahrungserg\u00e4nzungsmittel<\/p>\n<p>&nbsp;<\/p>\n<p>&nbsp;<\/p>\n<p>Weitere Informationen siehe Beipackzettel<\/p>\n<p>Alle Preise inkl. MwSt. und zzgl. Versandkosten<\/p>\n<p>&nbsp;<\/p>\n<p>&nbsp;<\/p>\n<p>&nbsp;<\/p>\n<p>&nbsp;<\/p>\n<p>&nbsp;<\/p>\n<p>&nbsp;<\/p>\n","protected":false},"excerpt":{"rendered":"<p>Omega-3 Seefisch\u00f6l 1000 Kapseln, 80 St &nbsp; Doppelherz Nahrungserg\u00e4nzungsmittel f\u00fcr eine herzgesunde Ern\u00e4hrung, hoher Gehalt an Omega-3-Fetts\u00e4uren, EPA + DHA f\u00fcr die Herzfunktion, lactose- &amp; glutenfrei Nahrungserg\u00e4nzungsmittel &nbsp; &nbsp; Weitere Informationen siehe Beipackzettel Alle Preise inkl. MwSt. und zzgl. Versandkosten &nbsp; &nbsp; &nbsp; &nbsp; &nbsp; &nbsp;<\/p>\n","protected":false},"author":1,"featured_media":0,"parent":0,"menu_order":0,"comment_status":"closed","ping_status":"open","template":"","meta":{"footnotes":""},"class_list":["post-6","page","type-page","status-publish","hentry"],"yoast_head":"<!-- This site is optimized with the Yoast SEO plugin v27.4 - https:\/\/yoast.com\/product\/yoast-seo-wordpress\/ -->\n<title>HERZ\/ KREISLAUF - SCHWARZWALD PHARMACEUTICALS<\/title>\n<meta name=\"description\" content=\"Omega-3 Seefisch\u00f6l 1000 Kapseln, 80 St &nbsp; Doppelherz Nahrungserg\u00e4nzungsmittel f\u00fcr eine herzgesunde Ern\u00e4hrung, hoher Gehalt an Omega-3-Fetts\u00e4uren, EPA + DHA f\u00fcr die Herzfunktion, lactose- &amp; glutenfrei Nahrungserg\u00e4nzungsmittel &nbsp; &nbsp; Weitere Informationen siehe Beipackzettel Alle Preise inkl. MwSt. und zzgl. Versandkosten &nbsp; &nbsp; &nbsp; &nbsp; &nbsp; &nbsp;\" \/>\n<meta name=\"robots\" content=\"index, follow, max-snippet:-1, max-image-preview:large, max-video-preview:-1\" \/>\n<link rel=\"canonical\" href=\"https:\/\/schwarzwald-pharmaceuticals.de\/?page_id=6\" \/>\n<meta property=\"og:locale\" content=\"de_DE\" \/>\n<meta property=\"og:type\" content=\"article\" \/>\n<meta property=\"og:title\" content=\"HERZ\/ KREISLAUF - SCHWARZWALD PHARMACEUTICALS\" \/>\n<meta property=\"og:description\" content=\"Omega-3 Seefisch\u00f6l 1000 Kapseln, 80 St &nbsp; Doppelherz Nahrungserg\u00e4nzungsmittel f\u00fcr eine herzgesunde Ern\u00e4hrung, hoher Gehalt an Omega-3-Fetts\u00e4uren, EPA + DHA f\u00fcr die Herzfunktion, lactose- &amp; glutenfrei Nahrungserg\u00e4nzungsmittel &nbsp; &nbsp; Weitere Informationen siehe Beipackzettel Alle Preise inkl. MwSt. und zzgl. Versandkosten &nbsp; &nbsp; &nbsp; &nbsp; &nbsp; &nbsp;\" \/>\n<meta property=\"og:url\" content=\"https:\/\/schwarzwald-pharmaceuticals.de\/?page_id=6\" \/>\n<meta property=\"og:site_name\" content=\"SCHWARZWALD PHARMACEUTICALS\" \/>\n<meta property=\"article:modified_time\" content=\"2016-08-17T19:08:45+00:00\" \/>\n<meta property=\"og:image\" content=\"http:\/\/schwarzwald-pharmaceuticals.de\/wp-content\/uploads\/2016\/08\/FS-Omega-3-195x300.png\" \/>\n<meta name=\"twitter:card\" content=\"summary_large_image\" \/>\n<script type=\"application\/ld+json\" class=\"yoast-schema-graph\">{\"@context\":\"https:\\\/\\\/schema.org\",\"@graph\":[{\"@type\":\"WebPage\",\"@id\":\"https:\\\/\\\/schwarzwald-pharmaceuticals.de\\\/?page_id=6\",\"url\":\"https:\\\/\\\/schwarzwald-pharmaceuticals.de\\\/?page_id=6\",\"name\":\"HERZ\\\/ KREISLAUF - SCHWARZWALD PHARMACEUTICALS\",\"isPartOf\":{\"@id\":\"https:\\\/\\\/schwarzwald-pharmaceuticals.de\\\/#website\"},\"primaryImageOfPage\":{\"@id\":\"https:\\\/\\\/schwarzwald-pharmaceuticals.de\\\/?page_id=6#primaryimage\"},\"image\":{\"@id\":\"https:\\\/\\\/schwarzwald-pharmaceuticals.de\\\/?page_id=6#primaryimage\"},\"thumbnailUrl\":\"http:\\\/\\\/schwarzwald-pharmaceuticals.de\\\/wp-content\\\/uploads\\\/2016\\\/08\\\/FS-Omega-3-195x300.png\",\"datePublished\":\"2016-08-05T13:44:06+00:00\",\"dateModified\":\"2016-08-17T19:08:45+00:00\",\"breadcrumb\":{\"@id\":\"https:\\\/\\\/schwarzwald-pharmaceuticals.de\\\/?page_id=6#breadcrumb\"},\"inLanguage\":\"de\",\"potentialAction\":[{\"@type\":\"ReadAction\",\"target\":[\"https:\\\/\\\/schwarzwald-pharmaceuticals.de\\\/?page_id=6\"]}]},{\"@type\":\"ImageObject\",\"inLanguage\":\"de\",\"@id\":\"https:\\\/\\\/schwarzwald-pharmaceuticals.de\\\/?page_id=6#primaryimage\",\"url\":\"https:\\\/\\\/schwarzwald-pharmaceuticals.de\\\/wp-content\\\/uploads\\\/2016\\\/08\\\/FS-Omega-3.png\",\"contentUrl\":\"https:\\\/\\\/schwarzwald-pharmaceuticals.de\\\/wp-content\\\/uploads\\\/2016\\\/08\\\/FS-Omega-3.png\",\"width\":280,\"height\":430},{\"@type\":\"BreadcrumbList\",\"@id\":\"https:\\\/\\\/schwarzwald-pharmaceuticals.de\\\/?page_id=6#breadcrumb\",\"itemListElement\":[{\"@type\":\"ListItem\",\"position\":1,\"name\":\"Start\",\"item\":\"https:\\\/\\\/schwarzwald-pharmaceuticals.de\\\/\"},{\"@type\":\"ListItem\",\"position\":2,\"name\":\"HERZ\\\/ KREISLAUF\"}]},{\"@type\":\"WebSite\",\"@id\":\"https:\\\/\\\/schwarzwald-pharmaceuticals.de\\\/#website\",\"url\":\"https:\\\/\\\/schwarzwald-pharmaceuticals.de\\\/\",\"name\":\"SCHWARZWALD PHARMACEUTICALS\",\"description\":\"\",\"potentialAction\":[{\"@type\":\"SearchAction\",\"target\":{\"@type\":\"EntryPoint\",\"urlTemplate\":\"https:\\\/\\\/schwarzwald-pharmaceuticals.de\\\/?s={search_term_string}\"},\"query-input\":{\"@type\":\"PropertyValueSpecification\",\"valueRequired\":true,\"valueName\":\"search_term_string\"}}],\"inLanguage\":\"de\"}]}<\/script>\n<!-- \/ Yoast SEO plugin. -->","yoast_head_json":{"title":"HERZ\/ KREISLAUF - SCHWARZWALD PHARMACEUTICALS","description":"Omega-3 Seefisch\u00f6l 1000 Kapseln, 80 St &nbsp; Doppelherz Nahrungserg\u00e4nzungsmittel f\u00fcr eine herzgesunde Ern\u00e4hrung, hoher Gehalt an Omega-3-Fetts\u00e4uren, EPA + DHA f\u00fcr die Herzfunktion, lactose- &amp; glutenfrei Nahrungserg\u00e4nzungsmittel &nbsp; &nbsp; Weitere Informationen siehe Beipackzettel Alle Preise inkl. MwSt. und zzgl. Versandkosten &nbsp; &nbsp; &nbsp; &nbsp; &nbsp; &nbsp;","robots":{"index":"index","follow":"follow","max-snippet":"max-snippet:-1","max-image-preview":"max-image-preview:large","max-video-preview":"max-video-preview:-1"},"canonical":"https:\/\/schwarzwald-pharmaceuticals.de\/?page_id=6","og_locale":"de_DE","og_type":"article","og_title":"HERZ\/ KREISLAUF - SCHWARZWALD PHARMACEUTICALS","og_description":"Omega-3 Seefisch\u00f6l 1000 Kapseln, 80 St &nbsp; Doppelherz Nahrungserg\u00e4nzungsmittel f\u00fcr eine herzgesunde Ern\u00e4hrung, hoher Gehalt an Omega-3-Fetts\u00e4uren, EPA + DHA f\u00fcr die Herzfunktion, lactose- &amp; glutenfrei Nahrungserg\u00e4nzungsmittel &nbsp; &nbsp; Weitere Informationen siehe Beipackzettel Alle Preise inkl. MwSt. und zzgl. Versandkosten &nbsp; &nbsp; &nbsp; &nbsp; &nbsp; &nbsp;","og_url":"https:\/\/schwarzwald-pharmaceuticals.de\/?page_id=6","og_site_name":"SCHWARZWALD PHARMACEUTICALS","article_modified_time":"2016-08-17T19:08:45+00:00","og_image":[{"url":"http:\/\/schwarzwald-pharmaceuticals.de\/wp-content\/uploads\/2016\/08\/FS-Omega-3-195x300.png","type":"","width":"","height":""}],"twitter_card":"summary_large_image","schema":{"@context":"https:\/\/schema.org","@graph":[{"@type":"WebPage","@id":"https:\/\/schwarzwald-pharmaceuticals.de\/?page_id=6","url":"https:\/\/schwarzwald-pharmaceuticals.de\/?page_id=6","name":"HERZ\/ KREISLAUF - SCHWARZWALD PHARMACEUTICALS","isPartOf":{"@id":"https:\/\/schwarzwald-pharmaceuticals.de\/#website"},"primaryImageOfPage":{"@id":"https:\/\/schwarzwald-pharmaceuticals.de\/?page_id=6#primaryimage"},"image":{"@id":"https:\/\/schwarzwald-pharmaceuticals.de\/?page_id=6#primaryimage"},"thumbnailUrl":"http:\/\/schwarzwald-pharmaceuticals.de\/wp-content\/uploads\/2016\/08\/FS-Omega-3-195x300.png","datePublished":"2016-08-05T13:44:06+00:00","dateModified":"2016-08-17T19:08:45+00:00","breadcrumb":{"@id":"https:\/\/schwarzwald-pharmaceuticals.de\/?page_id=6#breadcrumb"},"inLanguage":"de","potentialAction":[{"@type":"ReadAction","target":["https:\/\/schwarzwald-pharmaceuticals.de\/?page_id=6"]}]},{"@type":"ImageObject","inLanguage":"de","@id":"https:\/\/schwarzwald-pharmaceuticals.de\/?page_id=6#primaryimage","url":"https:\/\/schwarzwald-pharmaceuticals.de\/wp-content\/uploads\/2016\/08\/FS-Omega-3.png","contentUrl":"https:\/\/schwarzwald-pharmaceuticals.de\/wp-content\/uploads\/2016\/08\/FS-Omega-3.png","width":280,"height":430},{"@type":"BreadcrumbList","@id":"https:\/\/schwarzwald-pharmaceuticals.de\/?page_id=6#breadcrumb","itemListElement":[{"@type":"ListItem","position":1,"name":"Start","item":"https:\/\/schwarzwald-pharmaceuticals.de\/"},{"@type":"ListItem","position":2,"name":"HERZ\/ KREISLAUF"}]},{"@type":"WebSite","@id":"https:\/\/schwarzwald-pharmaceuticals.de\/#website","url":"https:\/\/schwarzwald-pharmaceuticals.de\/","name":"SCHWARZWALD PHARMACEUTICALS","description":"","potentialAction":[{"@type":"SearchAction","target":{"@type":"EntryPoint","urlTemplate":"https:\/\/schwarzwald-pharmaceuticals.de\/?s={search_term_string}"},"query-input":{"@type":"PropertyValueSpecification","valueRequired":true,"valueName":"search_term_string"}}],"inLanguage":"de"}]}},"_links":{"self":[{"href":"https:\/\/schwarzwald-pharmaceuticals.de\/index.php?rest_route=\/wp\/v2\/pages\/6","targetHints":{"allow":["GET"]}}],"collection":[{"href":"https:\/\/schwarzwald-pharmaceuticals.de\/index.php?rest_route=\/wp\/v2\/pages"}],"about":[{"href":"https:\/\/schwarzwald-pharmaceuticals.de\/index.php?rest_route=\/wp\/v2\/types\/page"}],"author":[{"embeddable":true,"href":"https:\/\/schwarzwald-pharmaceuticals.de\/index.php?rest_route=\/wp\/v2\/users\/1"}],"replies":[{"embeddable":true,"href":"https:\/\/schwarzwald-pharmaceuticals.de\/index.php?rest_route=%2Fwp%2Fv2%2Fcomments&post=6"}],"version-history":[{"count":4,"href":"https:\/\/schwarzwald-pharmaceuticals.de\/index.php?rest_route=\/wp\/v2\/pages\/6\/revisions"}],"predecessor-version":[{"id":83,"href":"https:\/\/schwarzwald-pharmaceuticals.de\/index.php?rest_route=\/wp\/v2\/pages\/6\/revisions\/83"}],"wp:attachment":[{"href":"https:\/\/schwarzwald-pharmaceuticals.de\/index.php?rest_route=%2Fwp%2Fv2%2Fmedia&parent=6"}],"curies":[{"name":"wp","href":"https:\/\/api.w.org\/{rel}","templated":true}]}}