{"id":8,"date":"2016-08-05T13:44:17","date_gmt":"2016-08-05T13:44:17","guid":{"rendered":"http:\/\/schwarzwald-pharmaceuticals.de\/?page_id=8"},"modified":"2016-08-17T19:34:06","modified_gmt":"2016-08-17T19:34:06","slug":"magen-darm","status":"publish","type":"page","link":"https:\/\/schwarzwald-pharmaceuticals.de\/?page_id=8","title":{"rendered":"MAGEN\/ DARM"},"content":{"rendered":"<div id=\"product-image\" class=\"size-10-5 size-6-6 size-2-2 columns\"><\/div>\n<div class=\"size-10-5 size-2-2 columns product-share\"><\/div>\n<div class=\"column size-10-5 size-2-2 product-headline\">\n<h2>Luvos Heilerde magenfein f\u00fcr Reizdarm und Reizmagen, 30 St<\/h2>\n<\/div>\n<h2 class=\"product-headline-sub\"><img loading=\"lazy\" decoding=\"async\" class=\"alignnone size-medium wp-image-101\" src=\"http:\/\/schwarzwald-pharmaceuticals.de\/wp-content\/uploads\/2016\/08\/FS-Magen-195x300.png\" alt=\"FS Magen\" width=\"195\" height=\"300\" srcset=\"https:\/\/schwarzwald-pharmaceuticals.de\/wp-content\/uploads\/2016\/08\/FS-Magen-195x300.png 195w, https:\/\/schwarzwald-pharmaceuticals.de\/wp-content\/uploads\/2016\/08\/FS-Magen.png 280w\" sizes=\"auto, (max-width: 195px) 100vw, 195px\" \/><\/h2>\n<h2 class=\"product-headline-sub\">Medizinprodukt<\/h2>\n<p>Bei Adolf Justs Luvos Heilerde magenfein handelt es sich um Granulat zum Einnehmen. Es ist zur unterst\u00fctzenden Behandlung der funktionellen Magen-Darm-Erkrankungen, Reizdarm und Reizmagen geeignet. 30 Beutel \u00e0 6,5g. Erwachsene nehmen t\u00e4glich 1 bis 2 Portionsbeutel ein, bei st\u00e4rkeren Beschwerden die gleiche Menge ein drittes Mal. Luvos Heilerde magenfein ist vegan.<\/p>\n<p>&nbsp;<\/p>\n<p>&nbsp;<\/p>\n","protected":false},"excerpt":{"rendered":"<p>Luvos Heilerde magenfein f\u00fcr Reizdarm und Reizmagen, 30 St Medizinprodukt Bei Adolf Justs Luvos Heilerde magenfein handelt es sich um Granulat zum Einnehmen. Es ist zur unterst\u00fctzenden Behandlung der funktionellen Magen-Darm-Erkrankungen, Reizdarm und Reizmagen geeignet. 30 Beutel \u00e0 6,5g. Erwachsene nehmen t\u00e4glich 1 bis 2 Portionsbeutel ein, bei st\u00e4rkeren Beschwerden die gleiche Menge ein drittes [&hellip;]<\/p>\n","protected":false},"author":1,"featured_media":0,"parent":0,"menu_order":0,"comment_status":"closed","ping_status":"open","template":"","meta":{"footnotes":""},"class_list":["post-8","page","type-page","status-publish","hentry"],"yoast_head":"<!-- This site is optimized with the Yoast SEO plugin v27.4 - https:\/\/yoast.com\/product\/yoast-seo-wordpress\/ -->\n<title>MAGEN\/ DARM - SCHWARZWALD PHARMACEUTICALS<\/title>\n<meta name=\"description\" content=\"Luvos Heilerde magenfein f\u00fcr Reizdarm und Reizmagen, 30 St Medizinprodukt Bei Adolf Justs Luvos Heilerde magenfein handelt es sich um Granulat zum Einnehmen. Es ist zur unterst\u00fctzenden Behandlung der funktionellen Magen-Darm-Erkrankungen, Reizdarm und Reizmagen geeignet. 30 Beutel \u00e0 6,5g. Erwachsene nehmen t\u00e4glich 1 bis 2 Portionsbeutel ein, bei st\u00e4rkeren Beschwerden die gleiche Menge ein drittes [&hellip;]\" \/>\n<meta name=\"robots\" content=\"index, follow, max-snippet:-1, max-image-preview:large, max-video-preview:-1\" \/>\n<link rel=\"canonical\" href=\"https:\/\/schwarzwald-pharmaceuticals.de\/?page_id=8\" \/>\n<meta property=\"og:locale\" content=\"de_DE\" \/>\n<meta property=\"og:type\" content=\"article\" \/>\n<meta property=\"og:title\" content=\"MAGEN\/ DARM - SCHWARZWALD PHARMACEUTICALS\" \/>\n<meta property=\"og:description\" content=\"Luvos Heilerde magenfein f\u00fcr Reizdarm und Reizmagen, 30 St Medizinprodukt Bei Adolf Justs Luvos Heilerde magenfein handelt es sich um Granulat zum Einnehmen. Es ist zur unterst\u00fctzenden Behandlung der funktionellen Magen-Darm-Erkrankungen, Reizdarm und Reizmagen geeignet. 30 Beutel \u00e0 6,5g. Erwachsene nehmen t\u00e4glich 1 bis 2 Portionsbeutel ein, bei st\u00e4rkeren Beschwerden die gleiche Menge ein drittes [&hellip;]\" \/>\n<meta property=\"og:url\" content=\"https:\/\/schwarzwald-pharmaceuticals.de\/?page_id=8\" \/>\n<meta property=\"og:site_name\" content=\"SCHWARZWALD PHARMACEUTICALS\" \/>\n<meta property=\"article:modified_time\" content=\"2016-08-17T19:34:06+00:00\" \/>\n<meta property=\"og:image\" content=\"http:\/\/schwarzwald-pharmaceuticals.de\/wp-content\/uploads\/2016\/08\/FS-Magen-195x300.png\" \/>\n<meta name=\"twitter:card\" content=\"summary_large_image\" \/>\n<script type=\"application\/ld+json\" class=\"yoast-schema-graph\">{\"@context\":\"https:\\\/\\\/schema.org\",\"@graph\":[{\"@type\":\"WebPage\",\"@id\":\"https:\\\/\\\/schwarzwald-pharmaceuticals.de\\\/?page_id=8\",\"url\":\"https:\\\/\\\/schwarzwald-pharmaceuticals.de\\\/?page_id=8\",\"name\":\"MAGEN\\\/ DARM - SCHWARZWALD PHARMACEUTICALS\",\"isPartOf\":{\"@id\":\"https:\\\/\\\/schwarzwald-pharmaceuticals.de\\\/#website\"},\"primaryImageOfPage\":{\"@id\":\"https:\\\/\\\/schwarzwald-pharmaceuticals.de\\\/?page_id=8#primaryimage\"},\"image\":{\"@id\":\"https:\\\/\\\/schwarzwald-pharmaceuticals.de\\\/?page_id=8#primaryimage\"},\"thumbnailUrl\":\"http:\\\/\\\/schwarzwald-pharmaceuticals.de\\\/wp-content\\\/uploads\\\/2016\\\/08\\\/FS-Magen-195x300.png\",\"datePublished\":\"2016-08-05T13:44:17+00:00\",\"dateModified\":\"2016-08-17T19:34:06+00:00\",\"breadcrumb\":{\"@id\":\"https:\\\/\\\/schwarzwald-pharmaceuticals.de\\\/?page_id=8#breadcrumb\"},\"inLanguage\":\"de\",\"potentialAction\":[{\"@type\":\"ReadAction\",\"target\":[\"https:\\\/\\\/schwarzwald-pharmaceuticals.de\\\/?page_id=8\"]}]},{\"@type\":\"ImageObject\",\"inLanguage\":\"de\",\"@id\":\"https:\\\/\\\/schwarzwald-pharmaceuticals.de\\\/?page_id=8#primaryimage\",\"url\":\"https:\\\/\\\/schwarzwald-pharmaceuticals.de\\\/wp-content\\\/uploads\\\/2016\\\/08\\\/FS-Magen.png\",\"contentUrl\":\"https:\\\/\\\/schwarzwald-pharmaceuticals.de\\\/wp-content\\\/uploads\\\/2016\\\/08\\\/FS-Magen.png\",\"width\":280,\"height\":430},{\"@type\":\"BreadcrumbList\",\"@id\":\"https:\\\/\\\/schwarzwald-pharmaceuticals.de\\\/?page_id=8#breadcrumb\",\"itemListElement\":[{\"@type\":\"ListItem\",\"position\":1,\"name\":\"Start\",\"item\":\"https:\\\/\\\/schwarzwald-pharmaceuticals.de\\\/\"},{\"@type\":\"ListItem\",\"position\":2,\"name\":\"MAGEN\\\/ DARM\"}]},{\"@type\":\"WebSite\",\"@id\":\"https:\\\/\\\/schwarzwald-pharmaceuticals.de\\\/#website\",\"url\":\"https:\\\/\\\/schwarzwald-pharmaceuticals.de\\\/\",\"name\":\"SCHWARZWALD PHARMACEUTICALS\",\"description\":\"\",\"potentialAction\":[{\"@type\":\"SearchAction\",\"target\":{\"@type\":\"EntryPoint\",\"urlTemplate\":\"https:\\\/\\\/schwarzwald-pharmaceuticals.de\\\/?s={search_term_string}\"},\"query-input\":{\"@type\":\"PropertyValueSpecification\",\"valueRequired\":true,\"valueName\":\"search_term_string\"}}],\"inLanguage\":\"de\"}]}<\/script>\n<!-- \/ Yoast SEO plugin. -->","yoast_head_json":{"title":"MAGEN\/ DARM - SCHWARZWALD PHARMACEUTICALS","description":"Luvos Heilerde magenfein f\u00fcr Reizdarm und Reizmagen, 30 St Medizinprodukt Bei Adolf Justs Luvos Heilerde magenfein handelt es sich um Granulat zum Einnehmen. Es ist zur unterst\u00fctzenden Behandlung der funktionellen Magen-Darm-Erkrankungen, Reizdarm und Reizmagen geeignet. 30 Beutel \u00e0 6,5g. Erwachsene nehmen t\u00e4glich 1 bis 2 Portionsbeutel ein, bei st\u00e4rkeren Beschwerden die gleiche Menge ein drittes [&hellip;]","robots":{"index":"index","follow":"follow","max-snippet":"max-snippet:-1","max-image-preview":"max-image-preview:large","max-video-preview":"max-video-preview:-1"},"canonical":"https:\/\/schwarzwald-pharmaceuticals.de\/?page_id=8","og_locale":"de_DE","og_type":"article","og_title":"MAGEN\/ DARM - SCHWARZWALD PHARMACEUTICALS","og_description":"Luvos Heilerde magenfein f\u00fcr Reizdarm und Reizmagen, 30 St Medizinprodukt Bei Adolf Justs Luvos Heilerde magenfein handelt es sich um Granulat zum Einnehmen. Es ist zur unterst\u00fctzenden Behandlung der funktionellen Magen-Darm-Erkrankungen, Reizdarm und Reizmagen geeignet. 30 Beutel \u00e0 6,5g. Erwachsene nehmen t\u00e4glich 1 bis 2 Portionsbeutel ein, bei st\u00e4rkeren Beschwerden die gleiche Menge ein drittes [&hellip;]","og_url":"https:\/\/schwarzwald-pharmaceuticals.de\/?page_id=8","og_site_name":"SCHWARZWALD PHARMACEUTICALS","article_modified_time":"2016-08-17T19:34:06+00:00","og_image":[{"url":"http:\/\/schwarzwald-pharmaceuticals.de\/wp-content\/uploads\/2016\/08\/FS-Magen-195x300.png","type":"","width":"","height":""}],"twitter_card":"summary_large_image","schema":{"@context":"https:\/\/schema.org","@graph":[{"@type":"WebPage","@id":"https:\/\/schwarzwald-pharmaceuticals.de\/?page_id=8","url":"https:\/\/schwarzwald-pharmaceuticals.de\/?page_id=8","name":"MAGEN\/ DARM - SCHWARZWALD PHARMACEUTICALS","isPartOf":{"@id":"https:\/\/schwarzwald-pharmaceuticals.de\/#website"},"primaryImageOfPage":{"@id":"https:\/\/schwarzwald-pharmaceuticals.de\/?page_id=8#primaryimage"},"image":{"@id":"https:\/\/schwarzwald-pharmaceuticals.de\/?page_id=8#primaryimage"},"thumbnailUrl":"http:\/\/schwarzwald-pharmaceuticals.de\/wp-content\/uploads\/2016\/08\/FS-Magen-195x300.png","datePublished":"2016-08-05T13:44:17+00:00","dateModified":"2016-08-17T19:34:06+00:00","breadcrumb":{"@id":"https:\/\/schwarzwald-pharmaceuticals.de\/?page_id=8#breadcrumb"},"inLanguage":"de","potentialAction":[{"@type":"ReadAction","target":["https:\/\/schwarzwald-pharmaceuticals.de\/?page_id=8"]}]},{"@type":"ImageObject","inLanguage":"de","@id":"https:\/\/schwarzwald-pharmaceuticals.de\/?page_id=8#primaryimage","url":"https:\/\/schwarzwald-pharmaceuticals.de\/wp-content\/uploads\/2016\/08\/FS-Magen.png","contentUrl":"https:\/\/schwarzwald-pharmaceuticals.de\/wp-content\/uploads\/2016\/08\/FS-Magen.png","width":280,"height":430},{"@type":"BreadcrumbList","@id":"https:\/\/schwarzwald-pharmaceuticals.de\/?page_id=8#breadcrumb","itemListElement":[{"@type":"ListItem","position":1,"name":"Start","item":"https:\/\/schwarzwald-pharmaceuticals.de\/"},{"@type":"ListItem","position":2,"name":"MAGEN\/ DARM"}]},{"@type":"WebSite","@id":"https:\/\/schwarzwald-pharmaceuticals.de\/#website","url":"https:\/\/schwarzwald-pharmaceuticals.de\/","name":"SCHWARZWALD PHARMACEUTICALS","description":"","potentialAction":[{"@type":"SearchAction","target":{"@type":"EntryPoint","urlTemplate":"https:\/\/schwarzwald-pharmaceuticals.de\/?s={search_term_string}"},"query-input":{"@type":"PropertyValueSpecification","valueRequired":true,"valueName":"search_term_string"}}],"inLanguage":"de"}]}},"_links":{"self":[{"href":"https:\/\/schwarzwald-pharmaceuticals.de\/index.php?rest_route=\/wp\/v2\/pages\/8","targetHints":{"allow":["GET"]}}],"collection":[{"href":"https:\/\/schwarzwald-pharmaceuticals.de\/index.php?rest_route=\/wp\/v2\/pages"}],"about":[{"href":"https:\/\/schwarzwald-pharmaceuticals.de\/index.php?rest_route=\/wp\/v2\/types\/page"}],"author":[{"embeddable":true,"href":"https:\/\/schwarzwald-pharmaceuticals.de\/index.php?rest_route=\/wp\/v2\/users\/1"}],"replies":[{"embeddable":true,"href":"https:\/\/schwarzwald-pharmaceuticals.de\/index.php?rest_route=%2Fwp%2Fv2%2Fcomments&post=8"}],"version-history":[{"count":3,"href":"https:\/\/schwarzwald-pharmaceuticals.de\/index.php?rest_route=\/wp\/v2\/pages\/8\/revisions"}],"predecessor-version":[{"id":103,"href":"https:\/\/schwarzwald-pharmaceuticals.de\/index.php?rest_route=\/wp\/v2\/pages\/8\/revisions\/103"}],"wp:attachment":[{"href":"https:\/\/schwarzwald-pharmaceuticals.de\/index.php?rest_route=%2Fwp%2Fv2%2Fmedia&parent=8"}],"curies":[{"name":"wp","href":"https:\/\/api.w.org\/{rel}","templated":true}]}}